{"id":275,"date":"2015-05-02T11:03:47","date_gmt":"2015-05-02T10:03:47","guid":{"rendered":"http:\/\/lmtc.sk\/?page_id=275"},"modified":"2015-05-02T11:03:47","modified_gmt":"2015-05-02T10:03:47","slug":"podmienky-rezervacie","status":"publish","type":"page","link":"http:\/\/www.lmtc.sk\/?page_id=275","title":{"rendered":"PODMIENKY REZERV\u00c1CIE"},"content":{"rendered":"<p>Potvrden\u00edm rezerv\u00e1cie prehlasujem, \u017ee som si vedom\u00ed svojho zdravotn\u00e9ho stavu a \u017ee sa z\u00fa\u010dast\u0148ujem na hodin\u00e1ch na vlastn\u00fa zodpovednos\u0165 a vlastn\u00e9 riziko. Cvi\u010denie prisp\u00f4sob\u00edm svojim schopnostiam a zdravotn\u00e9mu stavu, pr\u00edpadn\u00e9 zdravotn\u00e9 obmedzenia vopred ozn\u00e1mim in\u0161truktorovi. LM Training centre nenesie \u017eiadnu zodpovednos\u0165 za zdravotn\u00e9 probl\u00e9my, ktor\u00e9 vznikli po\u010das cvi\u010denia pr\u00edpadne po cvi\u010den\u00ed.<\/p>\n","protected":false},"excerpt":{"rendered":"<p>Potvrden\u00edm rezerv\u00e1cie prehlasujem, \u017ee som si vedom\u00ed svojho zdravotn\u00e9ho stavu a \u017ee sa z\u00fa\u010dast\u0148ujem na hodin\u00e1ch na vlastn\u00fa zodpovednos\u0165 a vlastn\u00e9 riziko. Cvi\u010denie prisp\u00f4sob\u00edm svojim schopnostiam a zdravotn\u00e9mu stavu, pr\u00edpadn\u00e9 zdravotn\u00e9 obmedzenia vopred ozn\u00e1mim in\u0161truktorovi. LM Training centre nenesie \u017eiadnu zodpovednos\u0165 za zdravotn\u00e9 probl\u00e9my, ktor\u00e9 vznikli po\u010das cvi\u010denia pr\u00edpadne po cvi\u010den\u00ed.<\/p>\n","protected":false},"author":1,"featured_media":0,"parent":0,"menu_order":0,"comment_status":"closed","ping_status":"closed","template":"","meta":{"footnotes":""},"_links":{"self":[{"href":"http:\/\/www.lmtc.sk\/index.php?rest_route=\/wp\/v2\/pages\/275"}],"collection":[{"href":"http:\/\/www.lmtc.sk\/index.php?rest_route=\/wp\/v2\/pages"}],"about":[{"href":"http:\/\/www.lmtc.sk\/index.php?rest_route=\/wp\/v2\/types\/page"}],"author":[{"embeddable":true,"href":"http:\/\/www.lmtc.sk\/index.php?rest_route=\/wp\/v2\/users\/1"}],"replies":[{"embeddable":true,"href":"http:\/\/www.lmtc.sk\/index.php?rest_route=%2Fwp%2Fv2%2Fcomments&post=275"}],"version-history":[{"count":1,"href":"http:\/\/www.lmtc.sk\/index.php?rest_route=\/wp\/v2\/pages\/275\/revisions"}],"predecessor-version":[{"id":276,"href":"http:\/\/www.lmtc.sk\/index.php?rest_route=\/wp\/v2\/pages\/275\/revisions\/276"}],"wp:attachment":[{"href":"http:\/\/www.lmtc.sk\/index.php?rest_route=%2Fwp%2Fv2%2Fmedia&parent=275"}],"curies":[{"name":"wp","href":"https:\/\/api.w.org\/{rel}","templated":true}]}}